{"id":6198,"date":"2022-06-20T16:31:59","date_gmt":"2022-06-20T15:31:59","guid":{"rendered":"https:\/\/bluttrasur.ch\/?post_type=product&#038;p=6198"},"modified":"2024-11-25T16:40:32","modified_gmt":"2024-11-25T15:40:32","slug":"br-1-rasierhobel-aus-edelstahl-poliert","status":"publish","type":"product","link":"https:\/\/bluttrasur.ch\/de\/produkt\/br-1-rasierhobel-aus-edelstahl-poliert\/","title":{"rendered":"BR-1 Rasierhobel Edelstahl High Gloss Polish"},"content":{"rendered":"\t\t<div data-elementor-type=\"product-post\" data-elementor-id=\"6198\" class=\"elementor elementor-6198\" data-elementor-post-type=\"product\">\n\t\t\t\t\t\t<section class=\"elementor-section elementor-top-section elementor-element elementor-element-430e2dd elementor-section-boxed elementor-section-height-default elementor-section-height-default\" data-id=\"430e2dd\" data-element_type=\"section\" data-e-type=\"section\">\n\t\t\t\t\t\t<div class=\"elementor-container elementor-column-gap-default\">\n\t\t\t\t\t<div class=\"elementor-column elementor-col-100 elementor-top-column elementor-element elementor-element-15a3f76\" data-id=\"15a3f76\" data-element_type=\"column\" data-e-type=\"column\">\n\t\t\t<div class=\"elementor-widget-wrap elementor-element-populated\">\n\t\t\t\t\t\t<div class=\"elementor-element elementor-element-13cc1a8 elementor-widget elementor-widget-text-editor\" data-id=\"13cc1a8\" data-element_type=\"widget\" data-e-type=\"widget\" data-widget_type=\"text-editor.default\">\n\t\t\t\t<div class=\"elementor-widget-container\">\n\t\t\t\t\t\t\t\t\t<p><strong>High Gloss Finish:<\/strong><\/p><p><strong>Eine polierte Version unseres Rasierhobels, erreicht durch eine Kombination von Elektropolitur und Handpolitur. Die Innenseite des Kopfes ist zur Einhaltung unserer genauen Toleranzen nicht poliert.\u00a0<\/strong><\/p><p>Der Blutt Rasur BR-1 Rasierhobel wird aus rostfreiem 1.4404 Edelstahl in der Schweiz hergestellt. Im Gegensatz zu handels\u00fcblichen, gegossenen Rasierhobeln wird er im CNC Verfahren gefr\u00e4st. Diese Herstellung aus Vollmaterial erm\u00f6glich kleinere Toleranzen, sowie einen verbesserten Klingensitz.\u00a0<\/p><p>Durch seine flache Kopfform ist der BR-1 nicht nur sehr wendig, sondern auch die Oberlippenrasur ist problemlos m\u00f6glich. Die verdeckten Klingenenden sorgen f\u00fcr eine sichere Rasur.<\/p><p>Der BR-1 ist mit unterschiedlichen Grundplatten erh\u00e4ltlich, diese unterscheiden sich in Klingenspalt und Klingen\u00fcberstand um das Rasurerlebnis individuell anzupassen:<\/p><ul><li>0.67mm Klingenspalt &#8211; <strong>mild<\/strong> &#8211; Klingen\u00fcberstand &#8211; <strong>neutral<\/strong><ul><li>ideal f\u00fcr die Rasur alle 1 &#8211; 2 Tage oder f\u00fcr sensible Haut<\/li><\/ul><\/li><li>0.86mm Klingenspalt &#8211; <strong>mittel<\/strong> &#8211; Klingen\u00fcberstand &#8211; <strong>positiv (gering)<\/strong><ul><li>ideal f\u00fcr die Rasur alle 2 &#8211; 3 Tage oder f\u00fcr eher sensible Haut<\/li><\/ul><\/li><li>0.99mm Klingenspalt &#8211; <strong>mittel-aggressiv<\/strong> &#8211; Klingen\u00fcberstand &#8211; <strong>positiv (mittel)<\/strong><ul><li>ideal f\u00fcr die Rasur alle 3 &#8211; 5 Tage oder f\u00fcr eher unempfindliche Haut<\/li><\/ul><\/li><li>1.20mm Klingenspalt &#8211; <strong>aggressiv<\/strong> &#8211; Klingen\u00fcberstand &#8211; <strong>positiv (gross)<\/strong><ul><li>ideal f\u00fcr die Rasur alle 5 &#8211; 7 Tage oder f\u00fcr eine allgemein aggressivere Rasur<\/li><\/ul><\/li><\/ul><p>Daten:\u00a0<\/p><ul><li>Gewicht: 95g<\/li><li>Griffl\u00e4nge: 90mm \/ Gesamtl\u00e4nge: 97.5mm<\/li><li>Material:<ul><li>Kopf &amp; Griff 1.4404 \/ 316L Edelstahl<\/li><\/ul><\/li><\/ul><div>Designed, Engineered &amp; proudly Swiss Made<\/div>\t\t\t\t\t\t\t\t<\/div>\n\t\t\t\t<\/div>\n\t\t\t\t\t<\/div>\n\t\t<\/div>\n\t\t\t\t\t<\/div>\n\t\t<\/section>\n\t\t\t\t<\/div>\n\t\t","protected":false},"excerpt":{"rendered":"<p>High Gloss Finish: Eine polierte Version unseres Rasierhobels, erreicht durch eine Kombination von Elektropolitur und Handpolitur. Die Innenseite des Kopfes ist zur Einhaltung unserer genauen Toleranzen nicht poliert.\u00a0 Der Blutt Rasur BR-1 Rasierhobel wird aus rostfreiem 1.4404 Edelstahl in der Schweiz hergestellt. Im Gegensatz zu handels\u00fcblichen, gegossenen Rasierhobeln wird er [&hellip;]<\/p>\n","protected":false},"featured_media":6466,"comment_status":"open","ping_status":"closed","template":"","meta":{"_acf_changed":false},"product_brand":[],"product_cat":[124],"product_tag":[],"class_list":{"0":"post-6198","1":"product","2":"type-product","3":"status-publish","4":"has-post-thumbnail","6":"product_cat-rasierhobel","7":"product_shipping_class-maxibrief-2cm","9":"first","10":"outofstock","11":"featured","12":"sold-individually","13":"taxable","14":"shipping-taxable","15":"purchasable","16":"product-type-variable"},"acf":[],"_links":{"self":[{"href":"https:\/\/bluttrasur.ch\/de\/wp-json\/wp\/v2\/product\/6198","targetHints":{"allow":["GET"]}}],"collection":[{"href":"https:\/\/bluttrasur.ch\/de\/wp-json\/wp\/v2\/product"}],"about":[{"href":"https:\/\/bluttrasur.ch\/de\/wp-json\/wp\/v2\/types\/product"}],"replies":[{"embeddable":true,"href":"https:\/\/bluttrasur.ch\/de\/wp-json\/wp\/v2\/comments?post=6198"}],"version-history":[{"count":14,"href":"https:\/\/bluttrasur.ch\/de\/wp-json\/wp\/v2\/product\/6198\/revisions"}],"predecessor-version":[{"id":6504,"href":"https:\/\/bluttrasur.ch\/de\/wp-json\/wp\/v2\/product\/6198\/revisions\/6504"}],"wp:featuredmedia":[{"embeddable":true,"href":"https:\/\/bluttrasur.ch\/de\/wp-json\/wp\/v2\/media\/6466"}],"wp:attachment":[{"href":"https:\/\/bluttrasur.ch\/de\/wp-json\/wp\/v2\/media?parent=6198"}],"wp:term":[{"taxonomy":"product_brand","embeddable":true,"href":"https:\/\/bluttrasur.ch\/de\/wp-json\/wp\/v2\/product_brand?post=6198"},{"taxonomy":"product_cat","embeddable":true,"href":"https:\/\/bluttrasur.ch\/de\/wp-json\/wp\/v2\/product_cat?post=6198"},{"taxonomy":"product_tag","embeddable":true,"href":"https:\/\/bluttrasur.ch\/de\/wp-json\/wp\/v2\/product_tag?post=6198"}],"curies":[{"name":"wp","href":"https:\/\/api.w.org\/{rel}","templated":true}]}}