{"id":5468,"date":"2021-07-02T14:25:17","date_gmt":"2021-07-02T13:25:17","guid":{"rendered":"https:\/\/bluttrasur.ch\/?post_type=product&#038;p=5468"},"modified":"2026-04-15T11:52:01","modified_gmt":"2026-04-15T10:52:01","slug":"perma-sharp-rasierklingen","status":"publish","type":"product","link":"https:\/\/bluttrasur.ch\/de\/produkt\/perma-sharp-rasierklingen\/","title":{"rendered":"Gillette Perma Sharp Rasierklingen"},"content":{"rendered":"\t\t<div data-elementor-type=\"product-post\" data-elementor-id=\"5468\" class=\"elementor elementor-5468\" data-elementor-post-type=\"product\">\n\t\t\t\t\t\t<section class=\"elementor-section elementor-top-section elementor-element elementor-element-c25892b elementor-section-boxed elementor-section-height-default elementor-section-height-default\" data-id=\"c25892b\" data-element_type=\"section\" data-e-type=\"section\">\n\t\t\t\t\t\t<div class=\"elementor-container elementor-column-gap-default\">\n\t\t\t\t\t<div class=\"elementor-column elementor-col-100 elementor-top-column elementor-element elementor-element-d576c94\" data-id=\"d576c94\" data-element_type=\"column\" data-e-type=\"column\">\n\t\t\t<div class=\"elementor-widget-wrap elementor-element-populated\">\n\t\t\t\t\t\t<div class=\"elementor-element elementor-element-b6b604c elementor-widget elementor-widget-text-editor\" data-id=\"b6b604c\" data-element_type=\"widget\" data-e-type=\"widget\" data-widget_type=\"text-editor.default\">\n\t\t\t\t<div class=\"elementor-widget-container\">\n\t\t\t\t\t\t\t\t\t<p>Die Perma Sharp Klingen werden haupts\u00e4chlich f\u00fcr den t\u00fcrkischen Markt hergestellt und zeichnen sich durch exzellente Sch\u00e4rfe bei einer gleichzeitig sehr angenehmen Rasur aus.\u00a0<\/p><p>Ideal f\u00fcr etwas dichtere B\u00e4rte mit dickeren Barthaaren.<\/p>\t\t\t\t\t\t\t\t<\/div>\n\t\t\t\t<\/div>\n\t\t\t\t\t<\/div>\n\t\t<\/div>\n\t\t\t\t\t<\/div>\n\t\t<\/section>\n\t\t\t\t<\/div>\n\t\t","protected":false},"excerpt":{"rendered":"<p>Die Perma Sharp Klingen werden haupts\u00e4chlich f\u00fcr den t\u00fcrkischen Markt hergestellt und zeichnen sich durch exzellente Sch\u00e4rfe bei einer gleichzeitig sehr angenehmen Rasur aus. Ideal f\u00fcr etwas dichtere B\u00e4rte mit dickeren Barthaaren.<\/p>\n","protected":false},"featured_media":5485,"comment_status":"open","ping_status":"closed","template":"","meta":{"_acf_changed":false},"product_brand":[],"product_cat":[130],"product_tag":[],"class_list":{"0":"post-5468","1":"product","2":"type-product","3":"status-publish","4":"has-post-thumbnail","6":"product_cat-rasierklingen","7":"product_shipping_class-brief-2cm","9":"first","10":"outofstock","11":"taxable","12":"shipping-taxable","13":"purchasable","14":"product-type-variable"},"acf":[],"_links":{"self":[{"href":"https:\/\/bluttrasur.ch\/de\/wp-json\/wp\/v2\/product\/5468","targetHints":{"allow":["GET"]}}],"collection":[{"href":"https:\/\/bluttrasur.ch\/de\/wp-json\/wp\/v2\/product"}],"about":[{"href":"https:\/\/bluttrasur.ch\/de\/wp-json\/wp\/v2\/types\/product"}],"replies":[{"embeddable":true,"href":"https:\/\/bluttrasur.ch\/de\/wp-json\/wp\/v2\/comments?post=5468"}],"version-history":[{"count":2,"href":"https:\/\/bluttrasur.ch\/de\/wp-json\/wp\/v2\/product\/5468\/revisions"}],"predecessor-version":[{"id":6443,"href":"https:\/\/bluttrasur.ch\/de\/wp-json\/wp\/v2\/product\/5468\/revisions\/6443"}],"wp:featuredmedia":[{"embeddable":true,"href":"https:\/\/bluttrasur.ch\/de\/wp-json\/wp\/v2\/media\/5485"}],"wp:attachment":[{"href":"https:\/\/bluttrasur.ch\/de\/wp-json\/wp\/v2\/media?parent=5468"}],"wp:term":[{"taxonomy":"product_brand","embeddable":true,"href":"https:\/\/bluttrasur.ch\/de\/wp-json\/wp\/v2\/product_brand?post=5468"},{"taxonomy":"product_cat","embeddable":true,"href":"https:\/\/bluttrasur.ch\/de\/wp-json\/wp\/v2\/product_cat?post=5468"},{"taxonomy":"product_tag","embeddable":true,"href":"https:\/\/bluttrasur.ch\/de\/wp-json\/wp\/v2\/product_tag?post=5468"}],"curies":[{"name":"wp","href":"https:\/\/api.w.org\/{rel}","templated":true}]}}