{"id":5347,"date":"2021-03-31T08:55:21","date_gmt":"2021-03-31T07:55:21","guid":{"rendered":"https:\/\/bluttrasur.ch\/?page_id=5347"},"modified":"2021-07-05T16:45:13","modified_gmt":"2021-07-05T15:45:13","slug":"ueber-blutt","status":"publish","type":"page","link":"https:\/\/bluttrasur.ch\/de\/ueber-blutt\/","title":{"rendered":"\u00dcber Blutt"},"content":{"rendered":"\t\t<div data-elementor-type=\"wp-page\" data-elementor-id=\"5347\" class=\"elementor elementor-5347\" data-elementor-post-type=\"page\">\n\t\t\t\t\t\t<section class=\"elementor-section elementor-top-section elementor-element elementor-element-3eaf27e elementor-section-boxed elementor-section-height-default elementor-section-height-default\" data-id=\"3eaf27e\" data-element_type=\"section\" data-e-type=\"section\">\n\t\t\t\t\t\t<div class=\"elementor-container elementor-column-gap-default\">\n\t\t\t\t\t<div class=\"elementor-column elementor-col-100 elementor-top-column elementor-element elementor-element-4f1155d\" data-id=\"4f1155d\" data-element_type=\"column\" data-e-type=\"column\">\n\t\t\t<div class=\"elementor-widget-wrap elementor-element-populated\">\n\t\t\t\t\t\t<div class=\"elementor-element elementor-element-ac83047 elementor-widget elementor-widget-spacer\" data-id=\"ac83047\" data-element_type=\"widget\" data-e-type=\"widget\" data-widget_type=\"spacer.default\">\n\t\t\t\t<div class=\"elementor-widget-container\">\n\t\t\t\t\t\t\t<div class=\"elementor-spacer\">\n\t\t\t<div class=\"elementor-spacer-inner\"><\/div>\n\t\t<\/div>\n\t\t\t\t\t\t<\/div>\n\t\t\t\t<\/div>\n\t\t\t\t<div class=\"elementor-element elementor-element-0270b74 elementor-widget elementor-widget-heading\" data-id=\"0270b74\" data-element_type=\"widget\" data-e-type=\"widget\" data-widget_type=\"heading.default\">\n\t\t\t\t<div class=\"elementor-widget-container\">\n\t\t\t\t\t<h1 class=\"elementor-heading-title elementor-size-default\">\u00dcber Blutt Rasur <\/h1>\t\t\t\t<\/div>\n\t\t\t\t<\/div>\n\t\t\t\t<div class=\"elementor-element elementor-element-eac5ec8 elementor-widget elementor-widget-spacer\" data-id=\"eac5ec8\" data-element_type=\"widget\" data-e-type=\"widget\" data-widget_type=\"spacer.default\">\n\t\t\t\t<div class=\"elementor-widget-container\">\n\t\t\t\t\t\t\t<div class=\"elementor-spacer\">\n\t\t\t<div class=\"elementor-spacer-inner\"><\/div>\n\t\t<\/div>\n\t\t\t\t\t\t<\/div>\n\t\t\t\t<\/div>\n\t\t\t\t<div class=\"elementor-element elementor-element-9e5eeca elementor-widget elementor-widget-text-editor\" data-id=\"9e5eeca\" data-element_type=\"widget\" data-e-type=\"widget\" data-widget_type=\"text-editor.default\">\n\t\t\t\t<div class=\"elementor-widget-container\">\n\t\t\t\t\t\t\t\t\t<h1>blutt<\/h1><p>(adj.) ein Schweizerdeutsches Wort f\u00fcr nackt, ohne nichts<\/p>\t\t\t\t\t\t\t\t<\/div>\n\t\t\t\t<\/div>\n\t\t\t\t<div class=\"elementor-element elementor-element-4ed8a4a elementor-widget elementor-widget-spacer\" data-id=\"4ed8a4a\" data-element_type=\"widget\" data-e-type=\"widget\" data-widget_type=\"spacer.default\">\n\t\t\t\t<div class=\"elementor-widget-container\">\n\t\t\t\t\t\t\t<div class=\"elementor-spacer\">\n\t\t\t<div class=\"elementor-spacer-inner\"><\/div>\n\t\t<\/div>\n\t\t\t\t\t\t<\/div>\n\t\t\t\t<\/div>\n\t\t\t\t<div class=\"elementor-element elementor-element-0a4934b elementor-widget elementor-widget-text-editor\" data-id=\"0a4934b\" data-element_type=\"widget\" data-e-type=\"widget\" data-widget_type=\"text-editor.default\">\n\t\t\t\t<div class=\"elementor-widget-container\">\n\t\t\t\t\t\t\t\t\t<p>Die Idee f\u00fcr Blutt Rasur entstand im Sommer 2019, nach einer Diskussion \u00fcber den Sinn und die Nachhaltigkeit von Wegwerf- sowie Systemrasierern. Kurz danach entstand der Plan einen Rasierhobel herzustellen, der Schweizer Qualit\u00e4t und Liebe f\u00fcr Details mit modernen CNC-Herstellungsmethoden vereint.\u00a0<\/p><p>Der Name Blutt Rasur steht f\u00fcr eine ein minimalistisches Design ohne Schn\u00f6rkel. Der Rasierhobel wird mit einer handels\u00fcblichen, doppelseitigen Rasierklinge best\u00fcckt und diese kann zu 100% recyclet werden. Dies ist unser Beitrag zu einer zuk\u00fcnftigen Kreislaufwirtschaft.<\/p><p>Hinter Blutt Rasur stecken zwei junge, kreative Macher die bew\u00e4hrte Konzepte mit neuen Technologien kombinieren.<\/p><p>Initiale Prototypen wurden in einem per CAD modelliert und dann per 3D Druck getestet. Kurz danach wurde ein erster Prototyp in Messing hergestellt und erfolgreich getestet. In den letzten zwei Jahren wurde das Design kontinuierlich getestet, verbessert und Feedback von erfahrenen Rasierfans eingeholt.<\/p><p>Die Blutt Rasierhobel werden im Kanton Aargau in der Schweiz hergestellt. Jeder Rasierhobel wird von Hand fein mattiert und auf Qualit\u00e4t kontrolliert.<\/p>\t\t\t\t\t\t\t\t<\/div>\n\t\t\t\t<\/div>\n\t\t\t\t\t<\/div>\n\t\t<\/div>\n\t\t\t\t\t<\/div>\n\t\t<\/section>\n\t\t\t\t<\/div>\n\t\t","protected":false},"excerpt":{"rendered":"<p>\u00dcber Blutt Rasur blutt (adj.) ein Schweizerdeutsches Wort f\u00fcr nackt, ohne nichts Die Idee f\u00fcr Blutt Rasur entstand im Sommer 2019, nach einer Diskussion \u00fcber den Sinn und die Nachhaltigkeit von Wegwerf- sowie Systemrasierern. Kurz danach entstand der Plan einen Rasierhobel herzustellen, der Schweizer Qualit\u00e4t und Liebe f\u00fcr Details mit [&hellip;]<\/p>\n","protected":false},"author":2,"featured_media":0,"parent":0,"menu_order":0,"comment_status":"closed","ping_status":"closed","template":"elementor_header_footer","meta":{"_acf_changed":false,"footnotes":""},"class_list":["post-5347","page","type-page","status-publish","hentry"],"acf":[],"_links":{"self":[{"href":"https:\/\/bluttrasur.ch\/de\/wp-json\/wp\/v2\/pages\/5347","targetHints":{"allow":["GET"]}}],"collection":[{"href":"https:\/\/bluttrasur.ch\/de\/wp-json\/wp\/v2\/pages"}],"about":[{"href":"https:\/\/bluttrasur.ch\/de\/wp-json\/wp\/v2\/types\/page"}],"author":[{"embeddable":true,"href":"https:\/\/bluttrasur.ch\/de\/wp-json\/wp\/v2\/users\/2"}],"replies":[{"embeddable":true,"href":"https:\/\/bluttrasur.ch\/de\/wp-json\/wp\/v2\/comments?post=5347"}],"version-history":[{"count":0,"href":"https:\/\/bluttrasur.ch\/de\/wp-json\/wp\/v2\/pages\/5347\/revisions"}],"wp:attachment":[{"href":"https:\/\/bluttrasur.ch\/de\/wp-json\/wp\/v2\/media?parent=5347"}],"curies":[{"name":"wp","href":"https:\/\/api.w.org\/{rel}","templated":true}]}}