{"id":4478,"date":"2020-10-20T09:53:34","date_gmt":"2020-10-20T08:53:34","guid":{"rendered":"https:\/\/bluttrasur.ch\/?page_id=4478"},"modified":"2024-12-13T13:36:57","modified_gmt":"2024-12-13T12:36:57","slug":"agb","status":"publish","type":"page","link":"https:\/\/bluttrasur.ch\/de\/agb\/","title":{"rendered":"Allgemeine Gesch\u00e4ftsbedingungen (AGB)"},"content":{"rendered":"\t\t<div data-elementor-type=\"wp-page\" data-elementor-id=\"4478\" class=\"elementor elementor-4478\" data-elementor-post-type=\"page\">\n\t\t\t\t\t\t<section class=\"elementor-section elementor-top-section elementor-element elementor-element-e563c55 elementor-section-boxed elementor-section-height-default elementor-section-height-default\" data-id=\"e563c55\" data-element_type=\"section\" data-e-type=\"section\">\n\t\t\t\t\t\t<div class=\"elementor-container elementor-column-gap-default\">\n\t\t\t\t\t<div class=\"elementor-column elementor-col-100 elementor-top-column elementor-element elementor-element-8527401\" data-id=\"8527401\" data-element_type=\"column\" data-e-type=\"column\">\n\t\t\t<div class=\"elementor-widget-wrap elementor-element-populated\">\n\t\t\t\t\t\t<div class=\"elementor-element elementor-element-f658cd2 elementor-widget elementor-widget-text-editor\" data-id=\"f658cd2\" data-element_type=\"widget\" data-e-type=\"widget\" data-widget_type=\"text-editor.default\">\n\t\t\t\t<div class=\"elementor-widget-container\">\n\t\t\t\t\t\t\t\t\t<h3>1. Anwendbarkeit und Umfang<\/h3>\n<p>Die nachstehenden Allgemeinen Gesch\u00e4ftsbedingungen (nachfolgend \u00abAGB\u00bb genannt) gelten f\u00fcr alle Gesch\u00e4ftsbeziehungen zwischen der Zerbus GmbH (nachfolgend \u00abZerbus Gmbh\u00bb, \u00abuns\u00bb oder \u00abwir\u00bb genannt) und dem Kunden (nachfolgend \u00abKunde\u00bb, \u00abK\u00e4ufer\u00bb oder \u00abSie\u00bb genannt) f\u00fcr Produkte (nachfolgend \u00abProdukte\u00bb oder \u00abWare\u00bb genannt), die \u00fcber unsere Website www.bluttrasur.ch (nachfolgend \u00abOnline-Shop\u00bb oder \u00abWebsite\u00bb genannt) gekauft werden.<\/p>\n<p>Der Online-Shop wird betrieben von:<\/p>\n<p>Zerbus GmbH<br>T\u00e4gerhardweg 12<br>5436 W\u00fcrenlos<br>CHE-266.874.054<br><a href=\"mailto:info@zerbus.ch\">info@zerbus.ch<\/a><\/p>\n<p>Mit dem Kunden abgeschlossene Einzelvereinbarungen gehen den vorliegenden AGB vor. Entgegenstehende Bedingungen des Kunden werden nicht anerkannt.<\/p>\n<p>Die Zerbus GmbH beh\u00e4lt sich das Recht vor, diese AGB jederzeit zu \u00e4ndern. Alle \u00c4nderungen werden mit der Ver\u00f6ffentlichung der neuen AGB auf der Website wirksam. Der massgebliche Zeitpunkt f\u00fcr die Anwendbarkeit der g\u00fcltigen AGB ist beim Kauf eines Produkts das Datum der Abgabe der verbindlichen Bestellung an uns.<\/p>\n<p>Bitte lesen Sie diese AGB sorgf\u00e4ltig durch, bevor Sie eine verbindliche Bestellung abgeben. Durch die verbindliche Bestellung unserer Produkte erkl\u00e4ren Sie sich mit den nachstehenden Bedingungen sowie unserer Datenschutzerkl\u00e4rung einverstanden und erkl\u00e4ren, dass Sie befugt sind, rechtsverbindliche Vertr\u00e4ge abzuschliessen, und mindestens 18 Jahre alt sind.<\/p>\n<h3>2. Abschluss eines Kaufvertrags<\/h3>\n<p>Die Darstellung der Produkte im Online-Shop stellt kein rechtlich bindendes Angebot, sondern lediglich einen unverbindlichen Online-Katalog dar bzw. eine unverbindliche Aufforderung an die Kundschaft, das Produkt im Online-Shop zu bestellen. Die Zerbus GmbH beh\u00e4lt sich ausdr\u00fccklich das Recht vor, die Produkte selbst wie auch die Inhalte, wie z.B. Bilder, Sortiment, Preise und die Beschreibungen zu unseren Produkten, jederzeit und ohne Vorank\u00fcndigung zu \u00e4ndern. Abbildungen, Bilder, Brosch\u00fcren, Werbung und andere Informationen im Zusammenhang mit unseren Produkten dienen lediglich zu Informationszwecken und sind f\u00fcr die Zerbus GmbH nicht bindend.<\/p>\n<p>Der Kunde kann \u00fcber unseren Online-Shop die von ihm ausgew\u00e4hlten Produkte verbindlich bestellen. Der Kunde kann die Produkte, die er ausw\u00e4hlt, in den \u00abWarenkorb\u00bb legen. Dies gilt noch nicht als verbindliche Bestellung. Eine Bestellung gilt erst dann als verbindlich zustande gekommen, wenn der Kunde am Ende des Bestellvorgangs auf der Bestellseite auf den Button \u00abzahlungspflichtig bestellen\u00bb klickt. Vor Absenden der Bestellung kann der Kunde die Angaben jederzeit \u00e4ndern und einsehen, eventuelle Eingabefehler erkennen und vor der verbindlichen endg\u00fcltigen Abgabe der Bestellung gegebenenfalls berichtigen.<\/p>\n<p class=\"Haupttext\"><span lang=\"DE\">Eine Auftragsbest\u00e4tigung wird dem Kunden unverz\u00fcglich und automatisch per E-Mail zugesandt. Diese Best\u00e4tigungs-E-Mail enth\u00e4lt die Daten Ihrer Bestellung und unsere von Ihnen beim Bestellvorgang akzeptierten AGB. Die Best\u00e4tigungs-E-Mail dient nur als Information, dass wir Ihre Bestellung erhalten haben. Durch die automatische Auftragsbest\u00e4tigung kommt noch kein Kaufvertrag zustande. Mit dem Absenden der Bestellung best\u00e4tigen Sie, dass Sie die AGB gelesen haben und diesen vorbehaltlos zustimmen.<\/span><\/p>\n<p class=\"Haupttext\"><span lang=\"DE\">Bei Annahme der Bestellung entsteht ein verbindlicher Kaufvertrag mit dem Kunden. Diese Annahme erfolgt durch den Versand der bestellten Produkte. <\/span><\/p>\n<p class=\"Haupttext\"><span lang=\"DE\">Jeder kommerzielle Vertrieb oder Weiterverkauf unserer Produkte ist strengstens untersagt.<\/span><\/p>\n<h3>3. Verf\u00fcgbarkeit und Leistungsvorbehalt f\u00fcr nicht lieferbare Produkte<\/h3>\n<p>Alle Informationen \u00fcber die Verf\u00fcgbarkeit, den Versand und die Lieferung eines Produkts sind vorl\u00e4ufige Informationen und ungef\u00e4hre Richtwerte. Sie stellen keine verbindlichen oder garantierten Versand- oder Liefertermine dar. Eine Haftung f\u00fcr nicht verf\u00fcgbare Produkte oder f\u00fcr Verz\u00f6gerungen beim Versand oder bei der Lieferung wird ausdr\u00fccklich ausgeschlossen.<\/p>\n<p>Unsere Produkte sind verf\u00fcgbar, solange unsere Vorr\u00e4te reichen. Wenn die Zerbus GmbH bei der Bearbeitung Ihrer Bestellung feststellt, dass die von Ihnen bestellten Produkte nicht verf\u00fcgbar sind, werden wir Sie unverz\u00fcglich dar\u00fcber informieren. In diesem Fall kommt ein Vertrag \u00fcber die nicht lieferbaren Produkte nicht zustande, da die bestellten Produkte nicht geliefert werden k\u00f6nnen.<\/p>\n<p>Ferner behalten wir uns das Recht vor, die Anzahl der Artikel zu begrenzen, die von einem Kunden gekauft werden k\u00f6nnen. Diesfalls werden wir den Kunden per E-Mail entsprechend dar\u00fcber informieren.<\/p>\n<h3>4. Preise und Versandkosten<\/h3>\n<p>Unsere Produkte und Preise entsprechen denjenigen, die auf der Website angegeben sind. Alle Preise sind in CHF (Schweizer Franken) angegeben und enthalten die gesetzliche Mehrwertsteuer (MwSt.). Der Gesamtpreis Ihrer Bestellung, einschliesslich aller Neben- und Versandkosten, wird am Ende des Bestellvorgangs angezeigt. Bei Versand in L\u00e4nder ausserhalb der Schweiz k\u00f6nnen zus\u00e4tzliche Zollgeb\u00fchren sowie Bearbeitungskosten anfallen. Diese sind nicht im Preis enthalten und sind vom Kunden bzw. Empf\u00e4nger zu bezahlen.<\/p>\n<p>Mit der verbindlichen Bestellung erkl\u00e4ren Sie, dass Sie mit dem Gesamtpreis f\u00fcr die bestellten Produkte einverstanden sind. Nach der verbindlichen Bestellung kann der Preis nicht mehr angepasst werden.<\/p>\n<p>Die Zerbus GmbH beh\u00e4lt sich das Recht vor, die Preise jederzeit zu \u00e4ndern. Die Produkte werden auf der Grundlage der zum Zeitpunkt der Abgabe der verbindlichen Bestellung angebotenen Preise verrechnet.<\/p>\n<h3>5. Zahlungsbedingungen\/Bonit\u00e4tspr\u00fcfung<\/h3>\n<p>Die Bestellungen werden grunds\u00e4tzlich sofort zur Zahlung f\u00e4llig.<\/p>\n<p>Der Kunde hat die M\u00f6glichkeit zur Zahlung mit den Zahlungsmitteln, welche auf der Website bzw. beim Bestellvorgang angezeigt werden. Diese k\u00f6nnen sich von Zeit zu Zeit sowie landesspezifisch \u00e4ndern. Zudem behalten wir uns das Recht vor, bestimmte Zahlungsmethoden im konkreten Einzelfall nicht anzubieten und auf andere von uns genutzte Zahlungsmethoden zu verweisen (beispielsweise zur Absicherung unseres Kreditrisikos nur solche entsprechend der jeweiligen Bonit\u00e4t). Die Zerbus GmbH wird vom Kunden ausdr\u00fccklich dazu berechtigt, nach eigenem Ermessen Bonit\u00e4tspr\u00fcfungen vorzunehmen und zu diesem Zweck gegebenenfalls Daten des Kunden an Dritte weiterzugeben.<\/p>\n<p>Mit der Wahl des Zahlungsmittels autorisiert der Kunde die Zahlung wahlweise durch die Eingabe der Kreditkartendaten oder Zugangsdaten eines Zahlungsdienstanbieters. Der Kunde erm\u00e4chtigt die Zerbus GmbH, Zahlungen im entsprechenden Wege einzunehmen bzw. einzuziehen. Sollte es zu R\u00fcckbelastungen kommen, hat die Zerbus GmbH Anspruch auf Erstattung der damit verbundenen Kosten und Bankbearbeitungsgeb\u00fchren. Ferner haftet die Zerbus GmbH nicht f\u00fcr allf\u00e4llige Geb\u00fchren oder andere Betr\u00e4ge, die Ihnen der Kartenherausgeber oder Ihre Bank infolge der Bearbeitung Ihrer Bezahlung gem\u00e4ss Ihrer Bestellung m\u00f6glicherweise verrechnet.<\/p>\n<p>Bei der Zahlung per Rechnung erh\u00e4lt der Kunde die Rechnung mit Einzahlungsschein mit der Lieferung der Ware oder per E-Mail. Die Zahlung hat unter Verwendung des Einzahlungsscheins innerhalb der auf der Rechnung angegebenen Zahlungsfrist zu erfolgen. Erfolgt keine fristgerechte Zahlung, ist die Zerbus GmbH berechtigt, ihre Aufwendungen f\u00fcr jede Mahnung von mindestens CHF 50.\u2013 und weitere mit dem Inkasso verbundene Kosten sowie die gesetzlichen Verzugszinsen zu verrechnen. Sollte die Einleitung einer Betreibung notwendig werden, werden wir eine zus\u00e4tzliche Bearbeitungsgeb\u00fchr von mindestens CHF 200.\u2013 erheben.&nbsp;<\/p>\n<h3>6. Lieferbedingungen<\/h3>\n<p>Die Lieferung erfolgt grunds\u00e4tzlich \u00fcber den Zustelldienst der Schweizerischen Post AG. F\u00fcr Lieferungen in die EU und den Rest der Welt werden die folgenden Zustelldienste in Anspruch genommen: Schweizerische Post AG, Asendia by La Poste &amp; Swiss Post oder Kuriere wie DHL, FedEx, UPS, TNT. Der gew\u00fcnschte Lieferdienst kann beim Bestellvorgang definiert werden. Die anfallenden Kosten m\u00fcssen vom K\u00e4ufer im Voraus bezahlt werden. Sie k\u00f6nnen die Sendungsnummer verwenden, um den aktuellen Standort Ihrer Bestellung zu verfolgen.<\/p>\n<p>Wenn die Produkte bei der Bestellung als nicht auf Lager gekennzeichnet sind, wird die Zerbus GmbH sich bem\u00fchen, die Produkte so schnell wie m\u00f6glich zu liefern. Die Zerbus GmbH setzt alles daran, die angegebenen Lieferzeiten einzuhalten. Die Zerbus GmbH ist jedoch nicht verantwortlich f\u00fcr Lieferverz\u00f6gerungen, unabh\u00e4ngig von deren Ursachen. \u00dcber auftretende Lieferverz\u00f6gerungen werden wir Sie unverz\u00fcglich informieren.<\/p>\n<h3>7. Eigentumsvorbehalt<\/h3>\n<p>Die Zerbus GmbH bleibt Eigent\u00fcmerin der gelieferten Produkte, bis sie vollst\u00e4ndig bezahlt wurden.<\/p>\n<h3>8. M\u00e4ngelr\u00fcge\/Gew\u00e4hrleistung<\/h3>\n<p>Die Zerbus GmbH leistet Gew\u00e4hr, dass die Ware den zugesicherten Eigenschaften entspricht und \u00fcber keine ihren Wert oder ihre Tauglichkeit zum vorausgesetzten Gebrauch beeintr\u00e4chtigenden M\u00e4ngel verf\u00fcgt.<\/p>\n<p>Der Kunde hat nach Erhalt der Produkte diese unverz\u00fcglich auf Richtigkeit, Vollst\u00e4ndigkeit und eventuelle Sch\u00e4den zu \u00fcberpr\u00fcfen. Fehler oder Besch\u00e4digungen sind der Zerbus GmbH innerhalb von 5 Werktagen zu melden. M\u00e4ngel, die bei einer ordnungsgem\u00e4ssen Untersuchung nicht entdeckt werden konnten und erst sp\u00e4ter auftreten, sind unverz\u00fcglich nach ihrer Entdeckung schriftlich zu r\u00fcgen. Wenn Sie den Mangel nicht pr\u00fcfen oder unverz\u00fcglich anzeigen, gilt die Ware als genehmigt, und Sie sind nicht mehr berechtigt, Anspr\u00fcche gegen uns geltend zu machen.<\/p>\n<p>Es gelten die gesetzlichen Gew\u00e4hrleistungsvorschriften gegen Fabrikationsfehler\/Material- oder Produktionsfehler. Die Gew\u00e4hrleistungsfrist betr\u00e4gt 2 Jahre ab Erhalt des Produkts. Von der Gew\u00e4hrleistung ausgeschlossen sind Produkte, die durch eigenes Verschulden des K\u00e4ufers besch\u00e4digt wurden<\/p>\n<p>Die Gew\u00e4hrleistungsanspr\u00fcche des Kunden beschr\u00e4nken sich auf Ersatzlieferung oder M\u00e4ngelbeseitigung\/Nachbesserung unter Ausschluss aller anderen Anspr\u00fcche, insbesondere Minderung oder Ersatz von mittelbaren und Folgesch\u00e4den. Die Zerbus GmbH entscheidet nach eigenem Ermessen \u00fcber Ersatzlieferung oder Nachbesserung. Schlagen Nachlieferung oder Nachbesserung fehl, ist der Kunde bei erheblichen M\u00e4ngeln zum R\u00fccktritt vom Vertrag berechtigt.<\/p>\n<p>F\u00fcr die Reklamationsmitteilung oder Servicefragen kontaktieren Sie uns bitte unter folgender Adresse mit der Bestellnummer, der Kundennummer, einer Fehlerbeschreibung und weiteren hilfreichen Informationen:<\/p>\n<p>Zerbus GmbH, T\u00e4gerhardweg 12, 5436 W\u00fcrenlos<\/p>\n<p>info@zerbus.ch<\/p>\n<p>Das fehlerhafte Produkt ist mit einer Kopie der Rechnung und einer detaillierten Beschreibung des Mangels an die oben genannte Adresse der Zerbus GmbH zur\u00fcckzusenden. Die R\u00fccksendung eines Produkts erfolgt auf Kosten und Gefahr des Kunden. Bitte lassen Sie sich Ihre R\u00fccksendung best\u00e4tigen und bewahren Sie diese Best\u00e4tigung auf, da im Falle eines Paketverlusts Ihr Gew\u00e4hrleistungsanspruch nicht bearbeitet werden kann.&nbsp;<\/p>\n<h3>9. Registrierung f\u00fcr ein Konto<\/h3>\n<p>Bei einer Registrierung eines Kundenkontos k\u00f6nnen Sie Informationen \u00fcber Ihre abgeschlossenen, offenen und k\u00fcrzlich versendeten Bestellungen einsehen und Ihre Adressdaten, allf\u00e4llige Zahlungsdaten und einen eventuellen Newsletter verwalten und speichern. Da ihre Daten gespeichert sind, m\u00fcssen Sie bei einem erneuten Kauf diese nicht erneut eingeben.<\/p>\n<p>Wenn Sie sich f\u00fcr ein solches Konto registrieren, sind Sie daf\u00fcr verantwortlich, dass Ihre f\u00fcr die Registrierung erforderlichen personenbezogenen Daten wahrheitsgem\u00e4ss und vollst\u00e4ndig angegeben werden. Sie sind verpflichtet, die pers\u00f6nlichen Zugangsdaten vertraulich zu behandeln und nicht unbefugten Dritten zug\u00e4nglich zu machen. Die Zerbus GmbH sichert zu, Ihre Daten vertraulich zu behandeln und nicht an unbefugte Dritte weiterzugeben. Weitere Informationen zum Datenschutz entnehmen Sie bitte unserer Datenschutzerkl\u00e4rung unter <a href=\"https:\/\/bluttrasur.ch\/de\/datenschutzerklaerung\/\">https:\/\/bluttrasur.ch\/de\/datenschutzerklaerung\/<\/a><\/p>\n<p>Die Registrierung ist kostenlos. Jeder Kunde ist nur berechtigt, ein Kundenkonto zu unterhalten. Wir behalten uns das Recht vor, mehrere Anmeldungen zu l\u00f6schen und registrierte Kunden, die gegen diese AGB oder Einzelvereinbarungen verstossen, zu ermahnen, zu sperren oder den Inhalt zu l\u00f6schen oder zu \u00e4ndern.<\/p>\n<p>Die Zerbus GmbH ist nicht verpflichtet, die Registrierung oder die Bestellung eines registrierten Kunden anzunehmen.<\/p>\n<h3>10. Reklamationen und Beschwerden<\/h3>\n<p>Wir legen grossen Wert auf Kundenzufriedenheit. Sie k\u00f6nnen uns jederzeit unter den eingangs angegebenen Kontaktinformationen erreichen. Wir sind bestrebt, Ihre Anfragen und Beschwerden so schnell wie m\u00f6glich zu pr\u00fcfen und werden uns nach Erhalt der Unterlagen oder Ihrer Eingabe oder Beschwerde mit Ihnen in Verbindung setzen. Wenn Sie Reklamationen oder Beschwerden haben, helfen Sie uns bitte, indem Sie uns das genaue Problem oder die Fehlerzeichen mitteilen und gegebenenfalls eine Kopie der Bestellunterlagen zur Verf\u00fcgung stellen oder zumindest die Bestellnummer, Kundennummer usw. angeben. Wir sind bestrebt, Ihnen schnellstm\u00f6glich zu antworten.<\/p>\n<h3>11. Haftung<\/h3>\n<p>Die Zerbus GmbH haftet bei Verletzung ihrer eigenen Pflichten aus diesen AGB und den darauf basierenden Vertragsbeziehungen f\u00fcr von ihr durch rechtswidrige Absicht oder grobe Fahrl\u00e4ssigkeit verursachte und nachgewiesene Sch\u00e4den. F\u00fcr leichte und mittlere Fahrl\u00e4ssigkeit sowie f\u00fcr mittelbare und Folgesch\u00e4den wird eine Haftung, ob aufgrund eines Vertrags, einer unerlaubten Handlung oder aus einem anderen Grund, ausdr\u00fccklich ausgeschlossen. Als mittelbare Sch\u00e4den gelten beispielsweise entgangener Gewinn, Verm\u00f6genssch\u00e4den, Reputationssch\u00e4den oder Datenverlust aufgrund vor\u00fcbergehender Beeintr\u00e4chtigungen oder Unterbr\u00fcchen der Verf\u00fcgbarkeit der Leistungen der Zerbus GmbH. Dar\u00fcber hinaus \u00fcbernimmt die Zerbus GmbH keine vertragliche oder ausservertragliche Haftung f\u00fcr Sch\u00e4den, die durch Hilfspersonen verursacht werden, die zur Erbringung der Leistung herangezogen werden.<\/p>\n<p>Vorbehaltlich des Vorstehenden beschr\u00e4nkt sich die Gesamthaftung nach diesen AGB, unabh\u00e4ngig des Grundes, und soweit gesetzlich zul\u00e4ssig, auf den Preis der Ware, die der Kunde bei uns bestellt hat.<\/p>\n<h3>12. Datenschutz<\/h3>\n<p>Die Zerbus GmbH erhebt und verarbeitet personenbezogene Daten nur im Rahmen der gesetzlichen Bestimmungen, insbesondere unter Beachtung der geltenden Datenschutzgesetze. Weitere Informationen zur Verarbeitung Ihrer personenbezogenen Daten, Ihrer Rechte und damit zusammenh\u00e4ngender Fragen finden Sie in unserer Datenschutzerkl\u00e4rung unter <a href=\"https:\/\/bluttrasur.ch\/de\/datenschutzerklaerung\/\">https:\/\/bluttrasur.ch\/de\/datenschutzerklaerung\/<\/a>, welche integrierender Bestandteil dieser AGB bildet.<\/p>\n<h3>13. Urheberrecht<\/h3>\n<p>Die auf der Website ver\u00f6ffentlichten Informationen und Inhalte sind urheberrechtlich gesch\u00fctzt und Eigentum von der Zerbus GmbH oder des jeweiligen Rechteinhabers. Die Vervielf\u00e4ltigung, Bearbeitung, Verbreitung oder jede andere Form der Verwertung bed\u00fcrfen der vorherigen schriftlichen Zustimmung des jeweiligen Rechteinhabers. Die Zerbus GmbH und der entsprechende Rechteinhaber behalten sich ausdr\u00fccklich alle diesbez\u00fcglichen Rechte vor.<\/p>\n<h3>14. Anwendbares Recht und Gerichtsstand<\/h3>\n<p>Auf diese AGB, die darauf beruhenden Vertragsbeziehungen und allf\u00e4llige Streitigkeiten findet ausschliesslich materielles schweizerisches Recht unter Ausschluss der Kollisionsnormen und des \u00dcbereinkommens der Vereinten Nationen \u00fcber Vertr\u00e4ge \u00fcber den internationalen Warenkauf (CISG) Anwendung.<\/p>\n<p>Der Gerichtsstand f\u00fcr nat\u00fcrliche Personen ist der Sitz der Zerbus GmbH. F\u00fcr juristische Personen gilt ausschliesslich der Sitz der Zerbus GmbH als Gerichtsstand.<\/p>\n<p><\/p>\n<p><strong>Version AGB \u2013 Onlineshop: 11<\/strong><strong>. <\/strong><strong>M\u00e4rz 2021<\/strong><\/p>\t\t\t\t\t\t\t\t<\/div>\n\t\t\t\t<\/div>\n\t\t\t\t\t<\/div>\n\t\t<\/div>\n\t\t\t\t\t<\/div>\n\t\t<\/section>\n\t\t\t\t<\/div>\n\t\t","protected":false},"excerpt":{"rendered":"<p>1. Anwendbarkeit und Umfang Die nachstehenden Allgemeinen Gesch\u00e4ftsbedingungen (nachfolgend \u00abAGB\u00bb genannt) gelten f\u00fcr alle Gesch\u00e4ftsbeziehungen zwischen der Zerbus GmbH (nachfolgend \u00abZerbus Gmbh\u00bb, \u00abuns\u00bb oder \u00abwir\u00bb genannt) und dem Kunden (nachfolgend \u00abKunde\u00bb, \u00abK\u00e4ufer\u00bb oder \u00abSie\u00bb genannt) f\u00fcr Produkte (nachfolgend \u00abProdukte\u00bb oder \u00abWare\u00bb genannt), die \u00fcber unsere Website www.bluttrasur.ch (nachfolgend \u00abOnline-Shop\u00bb oder [&hellip;]<\/p>\n","protected":false},"author":2,"featured_media":0,"parent":0,"menu_order":0,"comment_status":"closed","ping_status":"closed","template":"","meta":{"_acf_changed":false,"footnotes":""},"class_list":["post-4478","page","type-page","status-publish","hentry"],"acf":[],"_links":{"self":[{"href":"https:\/\/bluttrasur.ch\/de\/wp-json\/wp\/v2\/pages\/4478","targetHints":{"allow":["GET"]}}],"collection":[{"href":"https:\/\/bluttrasur.ch\/de\/wp-json\/wp\/v2\/pages"}],"about":[{"href":"https:\/\/bluttrasur.ch\/de\/wp-json\/wp\/v2\/types\/page"}],"author":[{"embeddable":true,"href":"https:\/\/bluttrasur.ch\/de\/wp-json\/wp\/v2\/users\/2"}],"replies":[{"embeddable":true,"href":"https:\/\/bluttrasur.ch\/de\/wp-json\/wp\/v2\/comments?post=4478"}],"version-history":[{"count":3,"href":"https:\/\/bluttrasur.ch\/de\/wp-json\/wp\/v2\/pages\/4478\/revisions"}],"predecessor-version":[{"id":7545,"href":"https:\/\/bluttrasur.ch\/de\/wp-json\/wp\/v2\/pages\/4478\/revisions\/7545"}],"wp:attachment":[{"href":"https:\/\/bluttrasur.ch\/de\/wp-json\/wp\/v2\/media?parent=4478"}],"curies":[{"name":"wp","href":"https:\/\/api.w.org\/{rel}","templated":true}]}}